{"id":1266,"date":"2025-06-14T23:45:44","date_gmt":"2025-06-14T23:45:44","guid":{"rendered":"https:\/\/habichuelas.cl\/?page_id=1266"},"modified":"2025-06-14T23:45:48","modified_gmt":"2025-06-14T23:45:48","slug":"sobre-habichuelas","status":"publish","type":"page","link":"https:\/\/habichuelas.cl\/?page_id=1266","title":{"rendered":"Sobre Habichuelas"},"content":{"rendered":"\n\n<div class=\"row\"  id=\"row-695435420\">\n\n\n\t<div id=\"col-1627350106\" class=\"col medium-5 small-12 large-5\"  >\n\t\t\t\t<div class=\"col-inner\"  >\n\t\t\t\n\t\t\t\n\n\t<div class=\"img has-hover x md-x lg-x y md-y lg-y\" id=\"image_241998137\">\n\t\t\t\t\t\t\t\t<div class=\"img-inner dark\" >\n\t\t\t<img loading=\"lazy\" decoding=\"async\" width=\"763\" height=\"763\" src=\"https:\/\/habichuelas.cl\/wp-content\/uploads\/2023\/09\/stand.jpg\" class=\"attachment-large size-large\" alt=\"\" srcset=\"https:\/\/habichuelas.cl\/wp-content\/uploads\/2023\/09\/stand.jpg 763w, https:\/\/habichuelas.cl\/wp-content\/uploads\/2023\/09\/stand-247x247.jpg 247w, https:\/\/habichuelas.cl\/wp-content\/uploads\/2023\/09\/stand-100x100.jpg 100w, https:\/\/habichuelas.cl\/wp-content\/uploads\/2023\/09\/stand-510x510.jpg 510w, https:\/\/habichuelas.cl\/wp-content\/uploads\/2023\/09\/stand-300x300.jpg 300w, https:\/\/habichuelas.cl\/wp-content\/uploads\/2023\/09\/stand-150x150.jpg 150w\" sizes=\"auto, (max-width: 763px) 100vw, 763px\" \/>\t\t\t\t\t\t\n\t\t\t\t\t<\/div>\n\t\t\t\t\t\t\t\t\n<style>\n#image_241998137 {\n  width: 100%;\n}\n<\/style>\n\t<\/div>\n\t\n\n\n\t\t<\/div>\n\t\t\t\t\t<\/div>\n\n\t\n\n\t<div id=\"col-965824578\" class=\"col medium-7 small-12 large-7\"  >\n\t\t\t\t<div class=\"col-inner\"  >\n\t\t\t\n\t\t\t\n\n<p style=\"text-align: left;\">El nombre Habichuelas viene del cuento \u201cLas habichuelas m\u00e1gicas\u201d. Relata la historia de un ni\u00f1o que recibe un pu\u00f1ado de semillas a cambio de algo valioso. Para muchos, una decisi\u00f3n equivocada. Pero no eran semillas comunes: eran habichuelas m\u00e1gicas, o porotos m\u00e1gicos, como les llamar\u00edamos en Chile.<\/p>\n<p style=\"text-align: left;\">Ese gesto de confianza, de intuici\u00f3n, de entregarse al error y creer que algo tan peque\u00f1o pueda contener algo tan grande como un \u00e1rbol, o incluso un bosque entero, fue lo que nos cautiv\u00f3.<\/p>\n<p style=\"text-align: left;\">Nuestra mayor inspiraci\u00f3n viene de los libros que le\u00edamos cuando \u00e9ramos ni\u00f1os: la colecci\u00f3n \u201cEl pa\u00eds de los cuentos\u201d, de la editorial Froebel Kan. Una serie de libros ilustrados con fotograf\u00edas de dioramas: peque\u00f1as escenas construidas con mu\u00f1ecos, cart\u00f3n, madera y telas. Hay algo m\u00e1gico en esas im\u00e1genes, como si pudi\u00e9ramos entrar en ese mundo fant\u00e1stico y tocar lo que ah\u00ed habita.<\/p>\n<p style=\"text-align: left;\">Escogimos llamarnos Habichuelas porque creemos en el poder de lo hecho a mano, de lo peque\u00f1o, de lo local, en un mundo dominado por la producci\u00f3n en masa. Nuestro trabajo tambi\u00e9n es plantar una semilla: una que invite a mirar el paisaje con nuevos ojos, a redescubrir las especies que habitan en Chile y que muchas veces han sido olvidadas.<\/p>\n<p style=\"text-align: center;\">\u00a0<\/p>\n\n\t\t<\/div>\n\t\t\t\t\t<\/div>\n\n\t\n\n<\/div>\n\n","protected":false},"excerpt":{"rendered":"","protected":false},"author":2,"featured_media":0,"parent":0,"menu_order":0,"comment_status":"closed","ping_status":"closed","template":"page-blank.php","meta":{"_joinchat":[],"footnotes":""},"class_list":["post-1266","page","type-page","status-publish","hentry"],"yoast_head":"<!-- This site is optimized with the Yoast SEO plugin v27.4 - https:\/\/yoast.com\/product\/yoast-seo-wordpress\/ -->\n<title>Sobre Habichuelas - HABICHUELAS<\/title>\n<meta name=\"robots\" content=\"index, follow, max-snippet:-1, max-image-preview:large, max-video-preview:-1\" \/>\n<link rel=\"canonical\" href=\"https:\/\/habichuelas.cl\/?page_id=1266\" \/>\n<meta property=\"og:locale\" content=\"es_ES\" \/>\n<meta property=\"og:type\" content=\"article\" \/>\n<meta property=\"og:title\" content=\"Sobre Habichuelas - HABICHUELAS\" \/>\n<meta property=\"og:url\" content=\"https:\/\/habichuelas.cl\/?page_id=1266\" \/>\n<meta property=\"og:site_name\" content=\"HABICHUELAS\" \/>\n<meta property=\"article:modified_time\" content=\"2025-06-14T23:45:48+00:00\" \/>\n<meta property=\"og:image\" content=\"https:\/\/habichuelas.cl\/wp-content\/uploads\/2023\/11\/habi2-266x300.png\" \/>\n<meta name=\"twitter:card\" content=\"summary_large_image\" \/>\n<meta name=\"twitter:label1\" content=\"Tiempo de lectura\" \/>\n\t<meta name=\"twitter:data1\" content=\"2 minutos\" \/>\n<script type=\"application\/ld+json\" class=\"yoast-schema-graph\">{\"@context\":\"https:\\\/\\\/schema.org\",\"@graph\":[{\"@type\":\"WebPage\",\"@id\":\"https:\\\/\\\/habichuelas.cl\\\/?page_id=1266\",\"url\":\"https:\\\/\\\/habichuelas.cl\\\/?page_id=1266\",\"name\":\"Sobre Habichuelas - HABICHUELAS\",\"isPartOf\":{\"@id\":\"https:\\\/\\\/habichuelas.cl\\\/#website\"},\"primaryImageOfPage\":{\"@id\":\"https:\\\/\\\/habichuelas.cl\\\/?page_id=1266#primaryimage\"},\"image\":{\"@id\":\"https:\\\/\\\/habichuelas.cl\\\/?page_id=1266#primaryimage\"},\"thumbnailUrl\":\"https:\\\/\\\/habichuelas.cl\\\/wp-content\\\/uploads\\\/2023\\\/11\\\/habi2-266x300.png\",\"datePublished\":\"2025-06-14T23:45:44+00:00\",\"dateModified\":\"2025-06-14T23:45:48+00:00\",\"breadcrumb\":{\"@id\":\"https:\\\/\\\/habichuelas.cl\\\/?page_id=1266#breadcrumb\"},\"inLanguage\":\"es\",\"potentialAction\":[{\"@type\":\"ReadAction\",\"target\":[\"https:\\\/\\\/habichuelas.cl\\\/?page_id=1266\"]}]},{\"@type\":\"ImageObject\",\"inLanguage\":\"es\",\"@id\":\"https:\\\/\\\/habichuelas.cl\\\/?page_id=1266#primaryimage\",\"url\":\"https:\\\/\\\/habichuelas.cl\\\/wp-content\\\/uploads\\\/2023\\\/11\\\/habi2.png\",\"contentUrl\":\"https:\\\/\\\/habichuelas.cl\\\/wp-content\\\/uploads\\\/2023\\\/11\\\/habi2.png\",\"width\":357,\"height\":402},{\"@type\":\"BreadcrumbList\",\"@id\":\"https:\\\/\\\/habichuelas.cl\\\/?page_id=1266#breadcrumb\",\"itemListElement\":[{\"@type\":\"ListItem\",\"position\":1,\"name\":\"Portada\",\"item\":\"https:\\\/\\\/habichuelas.cl\\\/\"},{\"@type\":\"ListItem\",\"position\":2,\"name\":\"Sobre Habichuelas\"}]},{\"@type\":\"WebSite\",\"@id\":\"https:\\\/\\\/habichuelas.cl\\\/#website\",\"url\":\"https:\\\/\\\/habichuelas.cl\\\/\",\"name\":\"HABICHUELAS\",\"description\":\"\",\"potentialAction\":[{\"@type\":\"SearchAction\",\"target\":{\"@type\":\"EntryPoint\",\"urlTemplate\":\"https:\\\/\\\/habichuelas.cl\\\/?s={search_term_string}\"},\"query-input\":{\"@type\":\"PropertyValueSpecification\",\"valueRequired\":true,\"valueName\":\"search_term_string\"}}],\"inLanguage\":\"es\"}]}<\/script>\n<!-- \/ Yoast SEO plugin. -->","yoast_head_json":{"title":"Sobre Habichuelas - HABICHUELAS","robots":{"index":"index","follow":"follow","max-snippet":"max-snippet:-1","max-image-preview":"max-image-preview:large","max-video-preview":"max-video-preview:-1"},"canonical":"https:\/\/habichuelas.cl\/?page_id=1266","og_locale":"es_ES","og_type":"article","og_title":"Sobre Habichuelas - HABICHUELAS","og_url":"https:\/\/habichuelas.cl\/?page_id=1266","og_site_name":"HABICHUELAS","article_modified_time":"2025-06-14T23:45:48+00:00","og_image":[{"url":"https:\/\/habichuelas.cl\/wp-content\/uploads\/2023\/11\/habi2-266x300.png","type":"","width":"","height":""}],"twitter_card":"summary_large_image","twitter_misc":{"Tiempo de lectura":"2 minutos"},"schema":{"@context":"https:\/\/schema.org","@graph":[{"@type":"WebPage","@id":"https:\/\/habichuelas.cl\/?page_id=1266","url":"https:\/\/habichuelas.cl\/?page_id=1266","name":"Sobre Habichuelas - HABICHUELAS","isPartOf":{"@id":"https:\/\/habichuelas.cl\/#website"},"primaryImageOfPage":{"@id":"https:\/\/habichuelas.cl\/?page_id=1266#primaryimage"},"image":{"@id":"https:\/\/habichuelas.cl\/?page_id=1266#primaryimage"},"thumbnailUrl":"https:\/\/habichuelas.cl\/wp-content\/uploads\/2023\/11\/habi2-266x300.png","datePublished":"2025-06-14T23:45:44+00:00","dateModified":"2025-06-14T23:45:48+00:00","breadcrumb":{"@id":"https:\/\/habichuelas.cl\/?page_id=1266#breadcrumb"},"inLanguage":"es","potentialAction":[{"@type":"ReadAction","target":["https:\/\/habichuelas.cl\/?page_id=1266"]}]},{"@type":"ImageObject","inLanguage":"es","@id":"https:\/\/habichuelas.cl\/?page_id=1266#primaryimage","url":"https:\/\/habichuelas.cl\/wp-content\/uploads\/2023\/11\/habi2.png","contentUrl":"https:\/\/habichuelas.cl\/wp-content\/uploads\/2023\/11\/habi2.png","width":357,"height":402},{"@type":"BreadcrumbList","@id":"https:\/\/habichuelas.cl\/?page_id=1266#breadcrumb","itemListElement":[{"@type":"ListItem","position":1,"name":"Portada","item":"https:\/\/habichuelas.cl\/"},{"@type":"ListItem","position":2,"name":"Sobre Habichuelas"}]},{"@type":"WebSite","@id":"https:\/\/habichuelas.cl\/#website","url":"https:\/\/habichuelas.cl\/","name":"HABICHUELAS","description":"","potentialAction":[{"@type":"SearchAction","target":{"@type":"EntryPoint","urlTemplate":"https:\/\/habichuelas.cl\/?s={search_term_string}"},"query-input":{"@type":"PropertyValueSpecification","valueRequired":true,"valueName":"search_term_string"}}],"inLanguage":"es"}]}},"_links":{"self":[{"href":"https:\/\/habichuelas.cl\/index.php?rest_route=\/wp\/v2\/pages\/1266","targetHints":{"allow":["GET"]}}],"collection":[{"href":"https:\/\/habichuelas.cl\/index.php?rest_route=\/wp\/v2\/pages"}],"about":[{"href":"https:\/\/habichuelas.cl\/index.php?rest_route=\/wp\/v2\/types\/page"}],"author":[{"embeddable":true,"href":"https:\/\/habichuelas.cl\/index.php?rest_route=\/wp\/v2\/users\/2"}],"replies":[{"embeddable":true,"href":"https:\/\/habichuelas.cl\/index.php?rest_route=%2Fwp%2Fv2%2Fcomments&post=1266"}],"version-history":[{"count":3,"href":"https:\/\/habichuelas.cl\/index.php?rest_route=\/wp\/v2\/pages\/1266\/revisions"}],"predecessor-version":[{"id":1270,"href":"https:\/\/habichuelas.cl\/index.php?rest_route=\/wp\/v2\/pages\/1266\/revisions\/1270"}],"wp:attachment":[{"href":"https:\/\/habichuelas.cl\/index.php?rest_route=%2Fwp%2Fv2%2Fmedia&parent=1266"}],"curies":[{"name":"wp","href":"https:\/\/api.w.org\/{rel}","templated":true}]}}