{"id":1134,"date":"2025-04-30T00:02:42","date_gmt":"2025-04-30T00:02:42","guid":{"rendered":"https:\/\/habichuelas.cl\/?post_type=product&#038;p=1134"},"modified":"2026-03-25T20:49:33","modified_gmt":"2026-03-25T20:49:33","slug":"capucha-vizcacha","status":"publish","type":"product","link":"https:\/\/habichuelas.cl\/?product=capucha-vizcacha","title":{"rendered":"CAPUCHA VIZCACHA"},"content":{"rendered":"","protected":false},"excerpt":{"rendered":"<p>Capucha de felpa y forro de gabardina.<\/p>\n<p>La Vizcacha Patag\u00f3nica vive en zonas rocosas de la Patagonia, desde Ays\u00e9n hasta Tierra del Fuego.<\/p>\n<p>Dise\u00f1ado y confeccionado a mano en Chile por Habichuelas.<\/p>\n<p>&nbsp;<\/p>\n","protected":false},"featured_media":1312,"template":"","meta":{"_joinchat":[]},"product_brand":[],"product_cat":[54],"product_tag":[25,73,72,70,76,65,78,71,79,75,77,74,18],"class_list":{"0":"post-1134","1":"product","2":"type-product","3":"status-publish","4":"has-post-thumbnail","6":"product_cat-capuchas","7":"product_tag-animales-de-chile","8":"product_tag-balaclava","9":"product_tag-bonnet","10":"product_tag-capucha","11":"product_tag-conejo","12":"product_tag-flora-y-fauna","13":"product_tag-gorra","14":"product_tag-gorro","15":"product_tag-gumo","16":"product_tag-hat","17":"product_tag-orejas","18":"product_tag-sombrero","19":"product_tag-vizcacha","20":"pa_color-azul","21":"pa_color-cielo","22":"pa_color-negro","23":"pa_color-rojo","24":"pa_color-rosa","26":"first","27":"instock","28":"shipping-taxable","29":"purchasable","30":"product-type-variable"},"yoast_head":"<!-- This site is optimized with the Yoast SEO plugin v27.4 - https:\/\/yoast.com\/product\/yoast-seo-wordpress\/ -->\n<title>CAPUCHA VIZCACHA - HABICHUELAS<\/title>\n<meta name=\"robots\" content=\"index, follow, max-snippet:-1, max-image-preview:large, max-video-preview:-1\" \/>\n<link rel=\"canonical\" href=\"https:\/\/habichuelas.cl\/?product=capucha-vizcacha\" \/>\n<meta property=\"og:locale\" content=\"es_ES\" \/>\n<meta property=\"og:type\" content=\"article\" \/>\n<meta property=\"og:title\" content=\"CAPUCHA VIZCACHA - HABICHUELAS\" \/>\n<meta property=\"og:description\" content=\"Capucha de felpa y forro de gabardina.  La Vizcacha Patag\u00f3nica vive en zonas rocosas de la Patagonia, desde Ays\u00e9n hasta Tierra del Fuego.  Dise\u00f1ado y confeccionado a mano en Chile por Habichuelas.  &nbsp;\" \/>\n<meta property=\"og:url\" content=\"https:\/\/habichuelas.cl\/?product=capucha-vizcacha\" \/>\n<meta property=\"og:site_name\" content=\"HABICHUELAS\" \/>\n<meta property=\"article:modified_time\" content=\"2026-03-25T20:49:33+00:00\" \/>\n<meta property=\"og:image\" content=\"https:\/\/habichuelas.cl\/wp-content\/uploads\/2025\/04\/Capucha_Vizcacha_rosa-1.jpg\" \/>\n\t<meta property=\"og:image:width\" content=\"1500\" \/>\n\t<meta property=\"og:image:height\" content=\"1500\" \/>\n\t<meta property=\"og:image:type\" content=\"image\/jpeg\" \/>\n<meta name=\"twitter:card\" content=\"summary_large_image\" \/>\n<meta name=\"twitter:label1\" content=\"Tiempo de lectura\" \/>\n\t<meta name=\"twitter:data1\" content=\"1 minuto\" \/>\n<script type=\"application\/ld+json\" class=\"yoast-schema-graph\">{\"@context\":\"https:\\\/\\\/schema.org\",\"@graph\":[{\"@type\":\"WebPage\",\"@id\":\"https:\\\/\\\/habichuelas.cl\\\/?product=capucha-vizcacha\",\"url\":\"https:\\\/\\\/habichuelas.cl\\\/?product=capucha-vizcacha\",\"name\":\"CAPUCHA VIZCACHA - HABICHUELAS\",\"isPartOf\":{\"@id\":\"https:\\\/\\\/habichuelas.cl\\\/#website\"},\"primaryImageOfPage\":{\"@id\":\"https:\\\/\\\/habichuelas.cl\\\/?product=capucha-vizcacha#primaryimage\"},\"image\":{\"@id\":\"https:\\\/\\\/habichuelas.cl\\\/?product=capucha-vizcacha#primaryimage\"},\"thumbnailUrl\":\"https:\\\/\\\/habichuelas.cl\\\/wp-content\\\/uploads\\\/2025\\\/04\\\/Capucha_Vizcacha_rosa-1.jpg\",\"datePublished\":\"2025-04-30T00:02:42+00:00\",\"dateModified\":\"2026-03-25T20:49:33+00:00\",\"breadcrumb\":{\"@id\":\"https:\\\/\\\/habichuelas.cl\\\/?product=capucha-vizcacha#breadcrumb\"},\"inLanguage\":\"es\",\"potentialAction\":[{\"@type\":\"ReadAction\",\"target\":[\"https:\\\/\\\/habichuelas.cl\\\/?product=capucha-vizcacha\"]}]},{\"@type\":\"ImageObject\",\"inLanguage\":\"es\",\"@id\":\"https:\\\/\\\/habichuelas.cl\\\/?product=capucha-vizcacha#primaryimage\",\"url\":\"https:\\\/\\\/habichuelas.cl\\\/wp-content\\\/uploads\\\/2025\\\/04\\\/Capucha_Vizcacha_rosa-1.jpg\",\"contentUrl\":\"https:\\\/\\\/habichuelas.cl\\\/wp-content\\\/uploads\\\/2025\\\/04\\\/Capucha_Vizcacha_rosa-1.jpg\",\"width\":1500,\"height\":1500},{\"@type\":\"BreadcrumbList\",\"@id\":\"https:\\\/\\\/habichuelas.cl\\\/?product=capucha-vizcacha#breadcrumb\",\"itemListElement\":[{\"@type\":\"ListItem\",\"position\":1,\"name\":\"Portada\",\"item\":\"https:\\\/\\\/habichuelas.cl\\\/\"},{\"@type\":\"ListItem\",\"position\":2,\"name\":\"Tienda\",\"item\":\"https:\\\/\\\/habichuelas.cl\\\/\"},{\"@type\":\"ListItem\",\"position\":3,\"name\":\"CAPUCHA VIZCACHA\"}]},{\"@type\":\"WebSite\",\"@id\":\"https:\\\/\\\/habichuelas.cl\\\/#website\",\"url\":\"https:\\\/\\\/habichuelas.cl\\\/\",\"name\":\"HABICHUELAS\",\"description\":\"\",\"potentialAction\":[{\"@type\":\"SearchAction\",\"target\":{\"@type\":\"EntryPoint\",\"urlTemplate\":\"https:\\\/\\\/habichuelas.cl\\\/?s={search_term_string}\"},\"query-input\":{\"@type\":\"PropertyValueSpecification\",\"valueRequired\":true,\"valueName\":\"search_term_string\"}}],\"inLanguage\":\"es\"}]}<\/script>\n<!-- \/ Yoast SEO plugin. -->","yoast_head_json":{"title":"CAPUCHA VIZCACHA - HABICHUELAS","robots":{"index":"index","follow":"follow","max-snippet":"max-snippet:-1","max-image-preview":"max-image-preview:large","max-video-preview":"max-video-preview:-1"},"canonical":"https:\/\/habichuelas.cl\/?product=capucha-vizcacha","og_locale":"es_ES","og_type":"article","og_title":"CAPUCHA VIZCACHA - HABICHUELAS","og_description":"Capucha de felpa y forro de gabardina.  La Vizcacha Patag\u00f3nica vive en zonas rocosas de la Patagonia, desde Ays\u00e9n hasta Tierra del Fuego.  Dise\u00f1ado y confeccionado a mano en Chile por Habichuelas.  &nbsp;","og_url":"https:\/\/habichuelas.cl\/?product=capucha-vizcacha","og_site_name":"HABICHUELAS","article_modified_time":"2026-03-25T20:49:33+00:00","og_image":[{"width":1500,"height":1500,"url":"https:\/\/habichuelas.cl\/wp-content\/uploads\/2025\/04\/Capucha_Vizcacha_rosa-1.jpg","type":"image\/jpeg"}],"twitter_card":"summary_large_image","twitter_misc":{"Tiempo de lectura":"1 minuto"},"schema":{"@context":"https:\/\/schema.org","@graph":[{"@type":"WebPage","@id":"https:\/\/habichuelas.cl\/?product=capucha-vizcacha","url":"https:\/\/habichuelas.cl\/?product=capucha-vizcacha","name":"CAPUCHA VIZCACHA - HABICHUELAS","isPartOf":{"@id":"https:\/\/habichuelas.cl\/#website"},"primaryImageOfPage":{"@id":"https:\/\/habichuelas.cl\/?product=capucha-vizcacha#primaryimage"},"image":{"@id":"https:\/\/habichuelas.cl\/?product=capucha-vizcacha#primaryimage"},"thumbnailUrl":"https:\/\/habichuelas.cl\/wp-content\/uploads\/2025\/04\/Capucha_Vizcacha_rosa-1.jpg","datePublished":"2025-04-30T00:02:42+00:00","dateModified":"2026-03-25T20:49:33+00:00","breadcrumb":{"@id":"https:\/\/habichuelas.cl\/?product=capucha-vizcacha#breadcrumb"},"inLanguage":"es","potentialAction":[{"@type":"ReadAction","target":["https:\/\/habichuelas.cl\/?product=capucha-vizcacha"]}]},{"@type":"ImageObject","inLanguage":"es","@id":"https:\/\/habichuelas.cl\/?product=capucha-vizcacha#primaryimage","url":"https:\/\/habichuelas.cl\/wp-content\/uploads\/2025\/04\/Capucha_Vizcacha_rosa-1.jpg","contentUrl":"https:\/\/habichuelas.cl\/wp-content\/uploads\/2025\/04\/Capucha_Vizcacha_rosa-1.jpg","width":1500,"height":1500},{"@type":"BreadcrumbList","@id":"https:\/\/habichuelas.cl\/?product=capucha-vizcacha#breadcrumb","itemListElement":[{"@type":"ListItem","position":1,"name":"Portada","item":"https:\/\/habichuelas.cl\/"},{"@type":"ListItem","position":2,"name":"Tienda","item":"https:\/\/habichuelas.cl\/"},{"@type":"ListItem","position":3,"name":"CAPUCHA VIZCACHA"}]},{"@type":"WebSite","@id":"https:\/\/habichuelas.cl\/#website","url":"https:\/\/habichuelas.cl\/","name":"HABICHUELAS","description":"","potentialAction":[{"@type":"SearchAction","target":{"@type":"EntryPoint","urlTemplate":"https:\/\/habichuelas.cl\/?s={search_term_string}"},"query-input":{"@type":"PropertyValueSpecification","valueRequired":true,"valueName":"search_term_string"}}],"inLanguage":"es"}]}},"_links":{"self":[{"href":"https:\/\/habichuelas.cl\/index.php?rest_route=\/wp\/v2\/product\/1134","targetHints":{"allow":["GET"]}}],"collection":[{"href":"https:\/\/habichuelas.cl\/index.php?rest_route=\/wp\/v2\/product"}],"about":[{"href":"https:\/\/habichuelas.cl\/index.php?rest_route=\/wp\/v2\/types\/product"}],"wp:featuredmedia":[{"embeddable":true,"href":"https:\/\/habichuelas.cl\/index.php?rest_route=\/wp\/v2\/media\/1312"}],"wp:attachment":[{"href":"https:\/\/habichuelas.cl\/index.php?rest_route=%2Fwp%2Fv2%2Fmedia&parent=1134"}],"wp:term":[{"taxonomy":"product_brand","embeddable":true,"href":"https:\/\/habichuelas.cl\/index.php?rest_route=%2Fwp%2Fv2%2Fproduct_brand&post=1134"},{"taxonomy":"product_cat","embeddable":true,"href":"https:\/\/habichuelas.cl\/index.php?rest_route=%2Fwp%2Fv2%2Fproduct_cat&post=1134"},{"taxonomy":"product_tag","embeddable":true,"href":"https:\/\/habichuelas.cl\/index.php?rest_route=%2Fwp%2Fv2%2Fproduct_tag&post=1134"}],"curies":[{"name":"wp","href":"https:\/\/api.w.org\/{rel}","templated":true}]}}