{"id":866,"date":"2024-07-17T20:59:04","date_gmt":"2024-07-17T20:59:04","guid":{"rendered":"https:\/\/habichuelas.cl\/?post_type=product&#038;p=866"},"modified":"2026-03-25T20:53:52","modified_gmt":"2026-03-25T20:53:52","slug":"zorro-culpeo","status":"publish","type":"product","link":"https:\/\/habichuelas.cl\/?product=zorro-culpeo","title":{"rendered":"ZORRO CULPEO"},"content":{"rendered":"","protected":false},"excerpt":{"rendered":"<p>Mu\u00f1eco confeccionado en felpa estampada, relleno de hollofil hipoalerge\u0301nico extra fino.<\/p>\n<p>Incluye un bolso que contiene un librito con detalles sobre su especie, con textos en ingl\u00e9s y espa\u00f1ol.<\/p>\n<p>Dise\u00f1ado y fabricado en Chile por Habichuelas. Confeccionado a mano.<\/p>\n<p>El Zorro Culpeo es una especie de zorro originario de la Cordillera de los Andes, desde el sur de Colombia hasta el sur de Argentina y Chile. .<\/p>\n<hr \/>\n<h3>Altura 32 cm aprox<\/h3>\n","protected":false},"featured_media":873,"template":"","meta":{"_joinchat":[]},"product_brand":[],"product_cat":[43],"product_tag":[25,42,24,23,26,17,22,20,33,41],"class_list":{"0":"post-866","1":"product","2":"type-product","3":"status-publish","4":"has-post-thumbnail","6":"product_cat-munecos","7":"product_tag-animales-de-chile","8":"product_tag-culpeo","9":"product_tag-fauna-chilena","10":"product_tag-fauna-nativa","11":"product_tag-habichuelas","12":"product_tag-muneco","13":"product_tag-muneco-de-felpa","14":"product_tag-peluche","15":"product_tag-zorro","16":"product_tag-zorro-culpeo","18":"first","19":"instock","20":"shipping-taxable","21":"purchasable","22":"product-type-simple"},"yoast_head":"<!-- This site is optimized with the Yoast SEO plugin v27.4 - https:\/\/yoast.com\/product\/yoast-seo-wordpress\/ -->\n<title>ZORRO CULPEO - HABICHUELAS<\/title>\n<meta name=\"robots\" content=\"index, follow, max-snippet:-1, max-image-preview:large, max-video-preview:-1\" \/>\n<link rel=\"canonical\" href=\"https:\/\/habichuelas.cl\/?product=zorro-culpeo\" \/>\n<meta property=\"og:locale\" content=\"es_ES\" \/>\n<meta property=\"og:type\" content=\"article\" \/>\n<meta property=\"og:title\" content=\"ZORRO CULPEO - HABICHUELAS\" \/>\n<meta property=\"og:description\" content=\"Mu\u00f1eco confeccionado en felpa estampada, relleno de hollofil hipoalerge\u0301nico extra fino.  Incluye un bolso que contiene un librito con detalles sobre su especie, con textos en ingl\u00e9s y espa\u00f1ol.  Dise\u00f1ado y fabricado en Chile por Habichuelas. Confeccionado a mano.  El Zorro Culpeo es una especie de zorro originario de la Cordillera de los Andes, desde el sur de Colombia hasta el sur de Argentina y Chile. .    Altura 32 cm aprox\" \/>\n<meta property=\"og:url\" content=\"https:\/\/habichuelas.cl\/?product=zorro-culpeo\" \/>\n<meta property=\"og:site_name\" content=\"HABICHUELAS\" \/>\n<meta property=\"article:modified_time\" content=\"2026-03-25T20:53:52+00:00\" \/>\n<meta property=\"og:image\" content=\"https:\/\/habichuelas.cl\/wp-content\/uploads\/2024\/07\/culpeo_acolor.jpg\" \/>\n\t<meta property=\"og:image:width\" content=\"1000\" \/>\n\t<meta property=\"og:image:height\" content=\"1000\" \/>\n\t<meta property=\"og:image:type\" content=\"image\/jpeg\" \/>\n<meta name=\"twitter:card\" content=\"summary_large_image\" \/>\n<meta name=\"twitter:label1\" content=\"Tiempo de lectura\" \/>\n\t<meta name=\"twitter:data1\" content=\"1 minuto\" \/>\n<script type=\"application\/ld+json\" class=\"yoast-schema-graph\">{\"@context\":\"https:\\\/\\\/schema.org\",\"@graph\":[{\"@type\":\"WebPage\",\"@id\":\"https:\\\/\\\/habichuelas.cl\\\/?product=zorro-culpeo\",\"url\":\"https:\\\/\\\/habichuelas.cl\\\/?product=zorro-culpeo\",\"name\":\"ZORRO CULPEO - HABICHUELAS\",\"isPartOf\":{\"@id\":\"https:\\\/\\\/habichuelas.cl\\\/#website\"},\"primaryImageOfPage\":{\"@id\":\"https:\\\/\\\/habichuelas.cl\\\/?product=zorro-culpeo#primaryimage\"},\"image\":{\"@id\":\"https:\\\/\\\/habichuelas.cl\\\/?product=zorro-culpeo#primaryimage\"},\"thumbnailUrl\":\"https:\\\/\\\/habichuelas.cl\\\/wp-content\\\/uploads\\\/2024\\\/07\\\/culpeo_acolor.jpg\",\"datePublished\":\"2024-07-17T20:59:04+00:00\",\"dateModified\":\"2026-03-25T20:53:52+00:00\",\"breadcrumb\":{\"@id\":\"https:\\\/\\\/habichuelas.cl\\\/?product=zorro-culpeo#breadcrumb\"},\"inLanguage\":\"es\",\"potentialAction\":[{\"@type\":\"ReadAction\",\"target\":[\"https:\\\/\\\/habichuelas.cl\\\/?product=zorro-culpeo\"]}]},{\"@type\":\"ImageObject\",\"inLanguage\":\"es\",\"@id\":\"https:\\\/\\\/habichuelas.cl\\\/?product=zorro-culpeo#primaryimage\",\"url\":\"https:\\\/\\\/habichuelas.cl\\\/wp-content\\\/uploads\\\/2024\\\/07\\\/culpeo_acolor.jpg\",\"contentUrl\":\"https:\\\/\\\/habichuelas.cl\\\/wp-content\\\/uploads\\\/2024\\\/07\\\/culpeo_acolor.jpg\",\"width\":1000,\"height\":1000},{\"@type\":\"BreadcrumbList\",\"@id\":\"https:\\\/\\\/habichuelas.cl\\\/?product=zorro-culpeo#breadcrumb\",\"itemListElement\":[{\"@type\":\"ListItem\",\"position\":1,\"name\":\"Portada\",\"item\":\"https:\\\/\\\/habichuelas.cl\\\/\"},{\"@type\":\"ListItem\",\"position\":2,\"name\":\"Tienda\",\"item\":\"https:\\\/\\\/habichuelas.cl\\\/\"},{\"@type\":\"ListItem\",\"position\":3,\"name\":\"ZORRO CULPEO\"}]},{\"@type\":\"WebSite\",\"@id\":\"https:\\\/\\\/habichuelas.cl\\\/#website\",\"url\":\"https:\\\/\\\/habichuelas.cl\\\/\",\"name\":\"HABICHUELAS\",\"description\":\"\",\"potentialAction\":[{\"@type\":\"SearchAction\",\"target\":{\"@type\":\"EntryPoint\",\"urlTemplate\":\"https:\\\/\\\/habichuelas.cl\\\/?s={search_term_string}\"},\"query-input\":{\"@type\":\"PropertyValueSpecification\",\"valueRequired\":true,\"valueName\":\"search_term_string\"}}],\"inLanguage\":\"es\"}]}<\/script>\n<!-- \/ Yoast SEO plugin. -->","yoast_head_json":{"title":"ZORRO CULPEO - HABICHUELAS","robots":{"index":"index","follow":"follow","max-snippet":"max-snippet:-1","max-image-preview":"max-image-preview:large","max-video-preview":"max-video-preview:-1"},"canonical":"https:\/\/habichuelas.cl\/?product=zorro-culpeo","og_locale":"es_ES","og_type":"article","og_title":"ZORRO CULPEO - HABICHUELAS","og_description":"Mu\u00f1eco confeccionado en felpa estampada, relleno de hollofil hipoalerge\u0301nico extra fino.  Incluye un bolso que contiene un librito con detalles sobre su especie, con textos en ingl\u00e9s y espa\u00f1ol.  Dise\u00f1ado y fabricado en Chile por Habichuelas. Confeccionado a mano.  El Zorro Culpeo es una especie de zorro originario de la Cordillera de los Andes, desde el sur de Colombia hasta el sur de Argentina y Chile. .    Altura 32 cm aprox","og_url":"https:\/\/habichuelas.cl\/?product=zorro-culpeo","og_site_name":"HABICHUELAS","article_modified_time":"2026-03-25T20:53:52+00:00","og_image":[{"width":1000,"height":1000,"url":"https:\/\/habichuelas.cl\/wp-content\/uploads\/2024\/07\/culpeo_acolor.jpg","type":"image\/jpeg"}],"twitter_card":"summary_large_image","twitter_misc":{"Tiempo de lectura":"1 minuto"},"schema":{"@context":"https:\/\/schema.org","@graph":[{"@type":"WebPage","@id":"https:\/\/habichuelas.cl\/?product=zorro-culpeo","url":"https:\/\/habichuelas.cl\/?product=zorro-culpeo","name":"ZORRO CULPEO - HABICHUELAS","isPartOf":{"@id":"https:\/\/habichuelas.cl\/#website"},"primaryImageOfPage":{"@id":"https:\/\/habichuelas.cl\/?product=zorro-culpeo#primaryimage"},"image":{"@id":"https:\/\/habichuelas.cl\/?product=zorro-culpeo#primaryimage"},"thumbnailUrl":"https:\/\/habichuelas.cl\/wp-content\/uploads\/2024\/07\/culpeo_acolor.jpg","datePublished":"2024-07-17T20:59:04+00:00","dateModified":"2026-03-25T20:53:52+00:00","breadcrumb":{"@id":"https:\/\/habichuelas.cl\/?product=zorro-culpeo#breadcrumb"},"inLanguage":"es","potentialAction":[{"@type":"ReadAction","target":["https:\/\/habichuelas.cl\/?product=zorro-culpeo"]}]},{"@type":"ImageObject","inLanguage":"es","@id":"https:\/\/habichuelas.cl\/?product=zorro-culpeo#primaryimage","url":"https:\/\/habichuelas.cl\/wp-content\/uploads\/2024\/07\/culpeo_acolor.jpg","contentUrl":"https:\/\/habichuelas.cl\/wp-content\/uploads\/2024\/07\/culpeo_acolor.jpg","width":1000,"height":1000},{"@type":"BreadcrumbList","@id":"https:\/\/habichuelas.cl\/?product=zorro-culpeo#breadcrumb","itemListElement":[{"@type":"ListItem","position":1,"name":"Portada","item":"https:\/\/habichuelas.cl\/"},{"@type":"ListItem","position":2,"name":"Tienda","item":"https:\/\/habichuelas.cl\/"},{"@type":"ListItem","position":3,"name":"ZORRO CULPEO"}]},{"@type":"WebSite","@id":"https:\/\/habichuelas.cl\/#website","url":"https:\/\/habichuelas.cl\/","name":"HABICHUELAS","description":"","potentialAction":[{"@type":"SearchAction","target":{"@type":"EntryPoint","urlTemplate":"https:\/\/habichuelas.cl\/?s={search_term_string}"},"query-input":{"@type":"PropertyValueSpecification","valueRequired":true,"valueName":"search_term_string"}}],"inLanguage":"es"}]}},"_links":{"self":[{"href":"https:\/\/habichuelas.cl\/index.php?rest_route=\/wp\/v2\/product\/866","targetHints":{"allow":["GET"]}}],"collection":[{"href":"https:\/\/habichuelas.cl\/index.php?rest_route=\/wp\/v2\/product"}],"about":[{"href":"https:\/\/habichuelas.cl\/index.php?rest_route=\/wp\/v2\/types\/product"}],"wp:featuredmedia":[{"embeddable":true,"href":"https:\/\/habichuelas.cl\/index.php?rest_route=\/wp\/v2\/media\/873"}],"wp:attachment":[{"href":"https:\/\/habichuelas.cl\/index.php?rest_route=%2Fwp%2Fv2%2Fmedia&parent=866"}],"wp:term":[{"taxonomy":"product_brand","embeddable":true,"href":"https:\/\/habichuelas.cl\/index.php?rest_route=%2Fwp%2Fv2%2Fproduct_brand&post=866"},{"taxonomy":"product_cat","embeddable":true,"href":"https:\/\/habichuelas.cl\/index.php?rest_route=%2Fwp%2Fv2%2Fproduct_cat&post=866"},{"taxonomy":"product_tag","embeddable":true,"href":"https:\/\/habichuelas.cl\/index.php?rest_route=%2Fwp%2Fv2%2Fproduct_tag&post=866"}],"curies":[{"name":"wp","href":"https:\/\/api.w.org\/{rel}","templated":true}]}}